{"id":2260,"date":"2022-01-30T20:41:15","date_gmt":"2022-01-30T19:41:15","guid":{"rendered":"https:\/\/www.germanpro.net\/fragen-und-antworten\/"},"modified":"2026-02-18T19:32:25","modified_gmt":"2026-02-18T18:32:25","slug":"fragen-und-antworten","status":"publish","type":"page","link":"https:\/\/www.germanpro.net\/de\/fragen-und-antworten\/","title":{"rendered":"Wichtige Informationen"},"content":{"rendered":"<p>[et_pb_section fb_built=&#8220;1&#8243; fullwidth=&#8220;on&#8220; _builder_version=&#8220;4.14.1&#8243; use_background_color_gradient=&#8220;on&#8220; background_color_gradient_start=&#8220;#000000&#8243; background_color_gradient_end=&#8220;#ffffff&#8220; bottom_divider_style=&#8220;arrow&#8220; bottom_divider_color=&#8220;#ffffff&#8220; bottom_divider_height_tablet=&#8220;&#8220; bottom_divider_height_phone=&#8220;50px&#8220; bottom_divider_height_last_edited=&#8220;on|phone&#8220; animation_style=&#8220;slide&#8220; animation_direction=&#8220;top&#8220; animation_intensity_slide=&#8220;4%&#8220; global_colors_info=&#8220;{}&#8220;][et_pb_fullwidth_image src=&#8220;https:\/\/www.germanpro.net\/wp-content\/uploads\/2021\/03\/cyber-security-15.jpg&#8220; title_text=&#8220;cybersicherheit-15&#8243; _builder_version=&#8220;4.14.1&#8243; global_colors_info=&#8220;{}&#8220;][\/et_pb_fullwidth_image][\/et_pb_section][et_pb_section fb_built=&#8220;1&#8243; admin_label=&#8220;Features&#8220; _builder_version=&#8220;3.22&#8243; width=&#8220;100%&#8220; custom_padding=&#8220;|||&#8220; global_colors_info=&#8220;{}&#8220;][et_pb_row _builder_version=&#8220;3.25&#8243; custom_margin=&#8220;|||&#8220; global_colors_info=&#8220;{}&#8220;][et_pb_column type=&#8220;4_4&#8243; _builder_version=&#8220;3.25&#8243; custom_padding=&#8220;|||&#8220; global_colors_info=&#8220;{}&#8220; custom_padding__hover=&#8220;|||&#8220;][et_pb_text admin_label=&#8220;Title&#8220; _builder_version=&#8220;4.14.1&#8243; header_font=&#8220;||||||||&#8220; header_3_font=&#8220;Teko||||||||&#8220; header_3_font_size=&#8220;40px&#8220; header_3_line_height=&#8220;1.2em&#8220; custom_margin=&#8220;||15px|&#8220; border_color_all=&#8220;rgba(51,51,51,0.12)&#8220; border_width_bottom=&#8220;1px&#8220; global_colors_info=&#8220;{}&#8220;]<\/p>\n<h3>Fragen und Antworten<\/h3>\n<p>[\/et_pb_text][\/et_pb_column][\/et_pb_row][et_pb_row _builder_version=&#8220;4.14.1&#8243; _module_preset=&#8220;default&#8220; global_colors_info=&#8220;{}&#8220;][et_pb_column type=&#8220;4_4&#8243; _builder_version=&#8220;4.14.1&#8243; _module_preset=&#8220;default&#8220; global_colors_info=&#8220;{}&#8220;][et_pb_toggle title=&#8220;Wie lange dauert die Herstellung einer Selbstbedienungs-Hundebademaschine?&#8220; _builder_version=&#8220;4.14.1&#8243; _module_preset=&#8220;default&#8220; global_colors_info=&#8220;{}&#8220;]<\/p>\n<p>Die Produktionszeit betr\u00e4gt 30 &#8211; 45 Tage. Unser Ziel ist es nat\u00fcrlich, Ihnen die Maschine so schnell wie m\u00f6glich auszuliefern, damit Ihr Gesch\u00e4ft schnellstm\u00f6glich realisiert werden kann.<\/p>\n<p>&nbsp;<\/p>\n<p>&nbsp;<\/p>\n<p>[\/et_pb_toggle][et_pb_toggle title=&#8220;Wie hoch ist die Garantie?&#8220; _builder_version=&#8220;4.14.1&#8243; _module_preset=&#8220;default&#8220; hover_enabled=&#8220;0&#8243; global_colors_info=&#8220;{}&#8220; sticky_enabled=&#8220;0&#8243;]<\/p>\n<p>1 + 4 Jahre = 5 Jahre Garantie. Vollgarantie 12 Monate, + 4 Jahre Vorzugskonditionen und technischer Support.<\/p>\n<p>[\/et_pb_toggle][et_pb_toggle title=&#8220;Wie gilt die Garantie au\u00dferhalb des Landes des Herstellers?&#8220; _builder_version=&#8220;4.14.1&#8243; _module_preset=&#8220;default&#8220; global_colors_info=&#8220;{}&#8220;]<\/p>\n<p>Ausf\u00e4lle sind sehr selten, langj\u00e4hrige Erfahrung hat uns dazu veranlasst, Teile zu verbauen, die wirklich selten ausfallen. In diesem Fall sind wir hier als technischer Fernsupport mit bereitgestellten Plug-and-Play-Teilen. Wir versenden Ersatzteile per DHL oder per Bus. In F\u00e4llen au\u00dferhalb Serbiens ist es m\u00f6glich, mit unserem technischen Support mit einem lokalen Elektriker\/Installateur zusammenzuarbeiten.<\/p>\n<p>&nbsp;<\/p>\n<p>&nbsp;<\/p>\n<p>[\/et_pb_toggle][et_pb_toggle title=&#8220;Ich m\u00f6chte GermanPro bestellen, wie geht es weiter?&#8220; _builder_version=&#8220;4.14.1&#8243; _module_preset=&#8220;default&#8220; global_colors_info=&#8220;{}&#8220;]<\/p>\n<p>Nach Auswahl des gew\u00fcnschten Modells und Ausstattung ist eine Kaufreservierung erforderlich. Das bedeutet Zahlung von 50 % des Gesamtbetrags, die restlichen 50 % vor Lieferung.<\/p>\n<p>[\/et_pb_toggle][et_pb_toggle title=&#8220;Wie hoch ist der Shampooverbrauch beim Baden von Hunden in dieser SB-W\u00e4scherei?&#8220; _builder_version=&#8220;4.14.1&#8243; _module_preset=&#8220;default&#8220; global_colors_info=&#8220;{}&#8220;]<\/p>\n<p>Etwa 10 Liter konzentriertes GermanPro Shampoo werden zum Baden von bis zu 100 Hunden verwendet.<\/p>\n<p>[\/et_pb_toggle][et_pb_toggle title=&#8220;Welche M\u00f6glichkeiten hat der Nutzer der SB-W\u00e4scherei?&#8220; _builder_version=&#8220;4.14.1&#8243; _module_preset=&#8220;default&#8220; global_colors_info=&#8220;{}&#8220;]<\/p>\n<p>Der Benutzer kann folgende Optionen w\u00e4hlen: Desinfektion\/Sp\u00fclung, Shampoo, Sp\u00fclwasser, Sp\u00fclung, Flohmittel, Sp\u00fclung. Professioneller Haartrockner.<\/p>\n<p>[\/et_pb_toggle][et_pb_toggle title=&#8220;Wie lange dauert ein Hundebad im Durchschnitt?&#8220; _builder_version=&#8220;4.14.1&#8243; _module_preset=&#8220;default&#8220; global_colors_info=&#8220;{}&#8220;]<\/p>\n<p>Das durchschnittliche Hundebad inklusive Waschen und Trocknen dauert je nach Rasse 10-15 Minuten<\/p>\n<p>[\/et_pb_toggle][et_pb_toggle title=&#8220;Kann ich meine eigenen Badeprodukte verwenden oder nur die, die ich von GermanPro bekomme?&#8220; _builder_version=&#8220;4.14.1&#8243; _module_preset=&#8220;default&#8220; global_colors_info=&#8220;{}&#8220;]<\/p>\n<p>Sie k\u00f6nnen Ihre eigenen Produkte verwenden, wenn sie mit Pumpen und Leitungen kompatibel sind. Achten Sie darauf, keine minderwertigen Produkte zu verwenden, die nicht f\u00fcr die Maschine geeignet sind, da dies zum Erl\u00f6schen der Garantie f\u00fchrt. Wir liefern speziell definierte Produkte f\u00fcr SB-W\u00e4schereien.<\/p>\n<p>[\/et_pb_toggle][et_pb_toggle title=&#8220;Wie halte ich meinen Hund in der W\u00e4sche?&#8220; _builder_version=&#8220;4.14.1&#8243; _module_preset=&#8220;default&#8220; global_colors_info=&#8220;{}&#8220;]<\/p>\n<p>Es gibt eine Kette zum Anbinden des Hundes in der Maschine. Au\u00dferdem sind die Seiten hoch genug, dass die meisten kleinen und durchschnittlichen Hunde nicht herausspringen k\u00f6nnen.<\/p>\n<p>[\/et_pb_toggle][et_pb_toggle title=&#8220;Ist eine zus\u00e4tzliche Montage der GermanPro SB-W\u00e4scherei erforderlich?&#8220; _builder_version=&#8220;4.14.1&#8243; _module_preset=&#8220;default&#8220; global_colors_info=&#8220;{}&#8220;]<\/p>\n<p>Nein, die Maschine kommt \u00fcber das \u201ePlug and Play\u201c-System zu Ihnen vor Ort \u2013 das hei\u00dft, nach der Lieferung wird sie eingeschaltet und angeschlossen und die Maschine ist betriebsbereit.<\/p>\n<p>&nbsp;<\/p>\n<p>&nbsp;<\/p>\n<p>[\/et_pb_toggle][et_pb_toggle title=&#8220;Welche Zahlungsoptionen stehen Benutzern zur Verf\u00fcgung?&#8220; _builder_version=&#8220;4.14.1&#8243; _module_preset=&#8220;default&#8220; global_colors_info=&#8220;{}&#8220;]<\/p>\n<p>Alle unsere Hundebadeautomaten k\u00f6nnen mit einem Wertmarken-, M\u00fcnz- und Banknotenleser ausgestattet werden.<\/p>\n<p>&nbsp;<\/p>\n<p>[\/et_pb_toggle][et_pb_toggle title=&#8220;Welche W\u00e4hrung akzeptiert der Hundeautomat?&#8220; _builder_version=&#8220;4.14.1&#8243; _module_preset=&#8220;default&#8220; custom_padding=&#8220;||20px|||&#8220; global_colors_info=&#8220;{}&#8220;]<\/p>\n<p>Wir richten sowohl den M\u00fcnzpr\u00fcfer als auch den Banknotenleser f\u00fcr die W\u00e4hrung Ihres Landes ein.<\/p>\n<p>[\/et_pb_toggle][et_pb_toggle title=&#8220;Kann die Maschine f\u00fcr den Au\u00dfeneinsatz aufgestellt werden?&#8220; _builder_version=&#8220;4.14.1&#8243; _module_preset=&#8220;default&#8220; global_colors_info=&#8220;{}&#8220;]<\/p>\n<p>Es kann drau\u00dfen in einer Kiste stehen. Nicht direkt in Sonne und Regen. Aufgrund des kalten Wetters wird die Installation in R\u00e4umlichkeiten empfohlen.<\/p>\n<p>[\/et_pb_toggle][et_pb_toggle title=&#8220; Was wird ben\u00f6tigt, um eine SB-W\u00e4scherei zu installieren?&#8220; _builder_version=&#8220;4.14.1&#8243; _module_preset=&#8220;default&#8220; global_colors_info=&#8220;{}&#8220;]<\/p>\n<p>Sie ben\u00f6tigen zwei 220V-Steckdosen, einen Wasserzulauf \u00be und einen Ablaufanschluss f50mm.<\/p>\n<p>[\/et_pb_toggle][et_pb_toggle title=&#8220; Wer \u00fcbernimmt den Transport und die Installation?&#8220; _builder_version=&#8220;4.14.1&#8243; _module_preset=&#8220;default&#8220; hover_enabled=&#8220;0&#8243; global_colors_info=&#8220;{}&#8220; sticky_enabled=&#8220;0&#8243;]<\/p>\n<p>Unsere Installation und der Transport sind bis zu 80 km m\u00f6glich, f\u00fcr weitere Standorte k\u00f6nnen wir den Transport f\u00fcr Sie organisieren. Bei der Transportb\u00f6rse suchen wir die f\u00fcr Sie g\u00fcnstigste L\u00f6sung. Unabh\u00e4ngig von der Entfernung und der Erde ist das Aufstellen der Maschine mit unserer Anleitung einfach, sie wird an Wasser \/ Strom angeschlossen. Kommt PLUG and PLAY bereit.<\/p>\n<p>[\/et_pb_toggle][et_pb_toggle title=&#8220; Wie hoch ist der maximale Energieverbrauch?&#8220; _builder_version=&#8220;4.14.1&#8243; _module_preset=&#8220;default&#8220; global_colors_info=&#8220;{}&#8220;]<\/p>\n<p>6kw<\/p>\n<p>[\/et_pb_toggle][et_pb_toggle title=&#8220;Wie viel Wasser verbraucht die Maschine pro Bad?&#8220; _builder_version=&#8220;4.14.1&#8243; _module_preset=&#8220;default&#8220; global_colors_info=&#8220;{}&#8220;]<\/p>\n<p>Von 20 bis 40 l pro Bad.<\/p>\n<p>[\/et_pb_toggle][et_pb_toggle title=&#8220;Wie hoch ist der Ger\u00e4uschpegel beim Trocknen?&#8220; _builder_version=&#8220;4.14.1&#8243; _module_preset=&#8220;default&#8220; global_colors_info=&#8220;{}&#8220;]<\/p>\n<p>58 dB Das ist das niedrigste Ger\u00e4usch f\u00fcr einen professionellen Haartrockner mit der st\u00e4rksten Leistung von 2600 W<\/p>\n<p>[\/et_pb_toggle][et_pb_toggle title=&#8220;Was ist das maximale Gewicht eines Hundes, dem eine Maschine standhalten kann?&#8220; _builder_version=&#8220;4.14.1&#8243; _module_preset=&#8220;default&#8220; global_colors_info=&#8220;{}&#8220;]<\/p>\n<p>80 kg<\/p>\n<p>[\/et_pb_toggle][et_pb_toggle title=&#8220;Wie funktioniert die GermanPro SB-Hundewaschanlage?&#8220; _builder_version=&#8220;4.14.1&#8243; _module_preset=&#8220;default&#8220; global_colors_info=&#8220;{}&#8220;]<\/p>\n<p><strong>Die SB-Hundebademaschine<\/strong> ist so konzipiert, dass sie f\u00fcr den Benutzer einfach ist, \u00e4hnlich einer SB-Autowaschanlage. Sobald der Nutzer bezahlt hat, kann er die bezahlte Zeit nach Belieben nutzen. <strong>Er kann die Waschoptionen selbst ausw\u00e4hlen!<\/strong> Alle Produkte werden in den Wasserstrahl gegeben, sodass die meisten Hunde innerhalb weniger Minuten gebadet werden k\u00f6nnen. <\/p>\n<p>[\/et_pb_toggle][\/et_pb_column][\/et_pb_row][et_pb_row column_structure=&#8220;1_3,1_3,1_3&#8243; _builder_version=&#8220;3.25&#8243; custom_margin=&#8220;|||&#8220; global_colors_info=&#8220;{}&#8220;][et_pb_column type=&#8220;1_3&#8243; _builder_version=&#8220;3.25&#8243; custom_padding=&#8220;|||&#8220; global_colors_info=&#8220;{}&#8220; custom_padding__hover=&#8220;|||&#8220;][et_pb_image src=&#8220;https:\/\/www.germanpro.net\/wp-content\/uploads\/2021\/11\/smart_germanpro.png&#8220; title_text=&#8220;smart_germanpro&#8220; show_in_lightbox=&#8220;on&#8220; force_fullwidth=&#8220;on&#8220; align_tablet=&#8220;center&#8220; align_phone=&#8220;center&#8220; align_last_edited=&#8220;on|desktop&#8220; _builder_version=&#8220;4.14.1&#8243; animation_style=&#8220;zoom&#8220; animation_intensity_zoom=&#8220;10%&#8220; global_colors_info=&#8220;{}&#8220;][\/et_pb_image][\/et_pb_column][et_pb_column type=&#8220;1_3&#8243; _builder_version=&#8220;3.25&#8243; custom_padding=&#8220;|||&#8220; global_colors_info=&#8220;{}&#8220; custom_padding__hover=&#8220;|||&#8220;][et_pb_image src=&#8220;https:\/\/www.germanpro.net\/wp-content\/uploads\/2021\/11\/ultra_germanpro.png&#8220; title_text=&#8220;ultra_germanpro&#8220; show_in_lightbox=&#8220;on&#8220; force_fullwidth=&#8220;on&#8220; align_tablet=&#8220;center&#8220; align_phone=&#8220;center&#8220; align_last_edited=&#8220;on|desktop&#8220; _builder_version=&#8220;4.14.1&#8243; animation_style=&#8220;zoom&#8220; animation_intensity_zoom=&#8220;10%&#8220; global_colors_info=&#8220;{}&#8220;][\/et_pb_image][\/et_pb_column][et_pb_column type=&#8220;1_3&#8243; _builder_version=&#8220;3.25&#8243; custom_padding=&#8220;|||&#8220; global_colors_info=&#8220;{}&#8220; custom_padding__hover=&#8220;|||&#8220;][et_pb_image src=&#8220;https:\/\/www.germanpro.net\/wp-content\/uploads\/2021\/11\/classic_germanpro.png&#8220; title_text=&#8220;classic_germanpro&#8220; show_in_lightbox=&#8220;on&#8220; force_fullwidth=&#8220;on&#8220; align_tablet=&#8220;center&#8220; align_phone=&#8220;center&#8220; align_last_edited=&#8220;on|desktop&#8220; _builder_version=&#8220;4.14.1&#8243; animation_style=&#8220;zoom&#8220; animation_intensity_zoom=&#8220;10%&#8220; global_colors_info=&#8220;{}&#8220;][\/et_pb_image][\/et_pb_column][\/et_pb_row][\/et_pb_section][et_pb_section fb_built=&#8220;1&#8243; admin_label=&#8220;Related Listings&#8220; _builder_version=&#8220;3.22&#8243; custom_padding=&#8220;80px|0px|80px|0px|true|false&#8220; locked=&#8220;off&#8220; global_colors_info=&#8220;{}&#8220;][et_pb_row column_structure=&#8220;2_3,1_3&#8243; _builder_version=&#8220;3.25&#8243; background_color=&#8220;#f4f4f4&#8243; custom_margin=&#8220;||60px|&#8220; custom_padding=&#8220;50px|40px|50px|40px|true|true&#8220; global_colors_info=&#8220;{}&#8220;][et_pb_column type=&#8220;2_3&#8243; _builder_version=&#8220;3.25&#8243; custom_padding=&#8220;|||&#8220; global_colors_info=&#8220;{}&#8220; custom_padding__hover=&#8220;|||&#8220;][et_pb_text admin_label=&#8220;Title&#8220; _builder_version=&#8220;4.14.1&#8243; text_font=&#8220;Lato||||||||&#8220; text_font_size=&#8220;20px&#8220; text_line_height=&#8220;1.8em&#8220; ul_font=&#8220;||||||||&#8220; header_font=&#8220;||||||||&#8220; header_3_font=&#8220;Teko|500|||||||&#8220; header_3_font_size=&#8220;40px&#8220; header_4_font=&#8220;||||||||&#8220; locked=&#8220;off&#8220; global_colors_info=&#8220;{}&#8220;]<\/p>\n<h1><strong>Selbstbedienungs-Hundebadeautomaten &#8211; das Gesch\u00e4ft, das sie bekommen!<\/strong><\/h1>\n<h1><\/h1>\n<h2>Tolle Gesch\u00e4ftsidee mit wenig Investition<\/h2>\n<p>Heutzutage stellen sich viele Fragen: <strong>Welches Gesch\u00e4ft soll man machen, wie und wo soll man investieren?<\/strong> Die zweite Frage, die sich stellt, ist <strong>die Geschwindigkeit des Return on Investment?<\/strong> Das Wichtigste aber ist vor allem die <strong>Idee!<\/strong><\/p>\n<p>[\/et_pb_text][\/et_pb_column][et_pb_column type=&#8220;1_3&#8243; _builder_version=&#8220;3.25&#8243; custom_padding=&#8220;|||&#8220; global_colors_info=&#8220;{}&#8220; custom_padding__hover=&#8220;|||&#8220;][et_pb_button button_url=&#8220;https:\/\/www.germanpro.net\/de\/kontakt\/&#8220; url_new_window=&#8220;on&#8220; button_text=&#8220;Kontakt&#8220; button_alignment=&#8220;right&#8220; _builder_version=&#8220;4.14.1&#8243; custom_button=&#8220;on&#8220; button_text_size=&#8220;16px&#8220; button_bg_color=&#8220;#0C71C3&#8243; button_border_width=&#8220;12px&#8220; button_border_color=&#8220;#0C71C3&#8243; button_border_radius=&#8220;0px&#8220; button_letter_spacing=&#8220;4px&#8220; button_font=&#8220;Teko|700||on|||||&#8220; button_icon=&#8220;&#x24;||divi||400&#8243; background_layout=&#8220;dark&#8220; custom_margin=&#8220;|||&#8220; animation_style=&#8220;slide&#8220; animation_direction=&#8220;left&#8220; animation_delay=&#8220;100ms&#8220; animation_intensity_slide=&#8220;20%&#8220; locked=&#8220;off&#8220; global_colors_info=&#8220;{}&#8220; button_text_size__hover_enabled=&#8220;off&#8220; button_one_text_size__hover_enabled=&#8220;off&#8220; button_two_text_size__hover_enabled=&#8220;off&#8220; button_text_color__hover_enabled=&#8220;off&#8220; button_one_text_color__hover_enabled=&#8220;off&#8220; button_two_text_color__hover_enabled=&#8220;off&#8220; button_border_width__hover_enabled=&#8220;off&#8220; button_one_border_width__hover_enabled=&#8220;off&#8220; button_two_border_width__hover_enabled=&#8220;off&#8220; button_border_color__hover_enabled=&#8220;off&#8220; button_one_border_color__hover_enabled=&#8220;off&#8220; button_two_border_color__hover_enabled=&#8220;off&#8220; button_border_radius__hover_enabled=&#8220;off&#8220; button_one_border_radius__hover_enabled=&#8220;off&#8220; button_two_border_radius__hover_enabled=&#8220;off&#8220; button_letter_spacing__hover_enabled=&#8220;off&#8220; button_one_letter_spacing__hover_enabled=&#8220;off&#8220; button_two_letter_spacing__hover_enabled=&#8220;off&#8220; button_bg_color__hover_enabled=&#8220;off&#8220; button_one_bg_color__hover_enabled=&#8220;off&#8220; button_two_bg_color__hover_enabled=&#8220;off&#8220;][\/et_pb_button][\/et_pb_column][\/et_pb_row][\/et_pb_section]<\/p>\n","protected":false},"excerpt":{"rendered":"<p>Fragen und AntwortenDie Produktionszeit betr\u00e4gt 30 &#8211; 45 Tage. Unser Ziel ist es nat\u00fcrlich, Ihnen die Maschine so schnell wie m\u00f6glich auszuliefern, damit Ihr Gesch\u00e4ft schnellstm\u00f6glich realisiert werden kann. &nbsp; &nbsp;1 + 4 Jahre = 5 Jahre Garantie. Vollgarantie 12 Monate, + 4 Jahre Vorzugskonditionen und technischer Support.Ausf\u00e4lle sind sehr selten, langj\u00e4hrige Erfahrung hat uns [&hellip;]<\/p>\n","protected":false},"author":1,"featured_media":0,"parent":0,"menu_order":0,"comment_status":"closed","ping_status":"closed","template":"","meta":{"_et_pb_use_builder":"on","_et_pb_old_content":"","_et_gb_content_width":"","two_page_speed":[],"footnotes":""},"class_list":["post-2260","page","type-page","status-publish","hentry"],"_links":{"self":[{"href":"https:\/\/www.germanpro.net\/de\/wp-json\/wp\/v2\/pages\/2260","targetHints":{"allow":["GET"]}}],"collection":[{"href":"https:\/\/www.germanpro.net\/de\/wp-json\/wp\/v2\/pages"}],"about":[{"href":"https:\/\/www.germanpro.net\/de\/wp-json\/wp\/v2\/types\/page"}],"author":[{"embeddable":true,"href":"https:\/\/www.germanpro.net\/de\/wp-json\/wp\/v2\/users\/1"}],"replies":[{"embeddable":true,"href":"https:\/\/www.germanpro.net\/de\/wp-json\/wp\/v2\/comments?post=2260"}],"version-history":[{"count":49,"href":"https:\/\/www.germanpro.net\/de\/wp-json\/wp\/v2\/pages\/2260\/revisions"}],"predecessor-version":[{"id":4684,"href":"https:\/\/www.germanpro.net\/de\/wp-json\/wp\/v2\/pages\/2260\/revisions\/4684"}],"wp:attachment":[{"href":"https:\/\/www.germanpro.net\/de\/wp-json\/wp\/v2\/media?parent=2260"}],"curies":[{"name":"wp","href":"https:\/\/api.w.org\/{rel}","templated":true}]}}