{"id":2207,"date":"2022-01-30T20:41:15","date_gmt":"2022-01-30T19:41:15","guid":{"rendered":"https:\/\/www.germanpro.net\/preguntas-y-respuestas\/"},"modified":"2026-02-18T19:32:22","modified_gmt":"2026-02-18T18:32:22","slug":"preguntas-y-respuestas","status":"publish","type":"page","link":"https:\/\/www.germanpro.net\/es\/preguntas-y-respuestas\/","title":{"rendered":"Informaci\u00f3n importante"},"content":{"rendered":"<p>[et_pb_section fb_built=\u00bb1&#8243; fullwidth=\u00bbon\u00bb _builder_version=\u00bb4.14.1&#8243; use_background_color_gradient=\u00bbon\u00bb background_color_gradient_start=\u00bb#000000&#8243; background_color_gradient_end=\u00bb#ffffff\u00bb bottom_divider_style=\u00bbarrow\u00bb bottom_divider_color=\u00bb#ffffff\u00bb bottom_divider_height_tablet=\u00bb\u00bb bottom_divider_height_phone=\u00bb50px\u00bb bottom_divider_height_last_edited=\u00bbon|phone\u00bb animation_style=\u00bbslide\u00bb animation_direction=\u00bbtop\u00bb animation_intensity_slide=\u00bb4%\u00bb global_colors_info=\u00bb{}\u00bb][et_pb_fullwidth_image src=\u00bbhttps:\/\/www.germanpro.net\/wp-content\/uploads\/2021\/03\/cyber-security-15.jpg\u00bb title_text=\u00bbciber-seguridad-15&#8243; _builder_version=\u00bb4.14.1&#8243; global_colors_info=\u00bb{}\u00bb][\/et_pb_fullwidth_image][\/et_pb_section][et_pb_section fb_built=\u00bb1&#8243; admin_label=\u00bbFeatures\u00bb _builder_version=\u00bb3.22&#8243; width=\u00bb100%\u00bb custom_padding=\u00bb|||\u00bb global_colors_info=\u00bb{}\u00bb][et_pb_row _builder_version=\u00bb3.25&#8243; custom_margin=\u00bb|||\u00bb global_colors_info=\u00bb{}\u00bb][et_pb_column type=\u00bb4_4&#8243; _builder_version=\u00bb3.25&#8243; custom_padding=\u00bb|||\u00bb global_colors_info=\u00bb{}\u00bb custom_padding__hover=\u00bb|||\u00bb][et_pb_text admin_label=\u00bbTitle\u00bb _builder_version=\u00bb4.14.1&#8243; header_font=\u00bb||||||||\u00bb header_3_font=\u00bbTeko||||||||\u00bb header_3_font_size=\u00bb40px\u00bb header_3_line_height=\u00bb1.2em\u00bb custom_margin=\u00bb||15px|\u00bb border_color_all=\u00bbrgba(51,51,51,0.12)\u00bb border_width_bottom=\u00bb1px\u00bb global_colors_info=\u00bb{}\u00bb]<\/p>\n<h3>Preguntas y respuestas<\/h3>\n<p>[\/et_pb_text][\/et_pb_column][\/et_pb_row][et_pb_row _builder_version=\u00bb4.14.1&#8243; _module_preset=\u00bbdefault\u00bb global_colors_info=\u00bb{}\u00bb][et_pb_column type=\u00bb4_4&#8243; _builder_version=\u00bb4.14.1&#8243; _module_preset=\u00bbdefault\u00bb global_colors_info=\u00bb{}\u00bb][et_pb_toggle title=\u00bb\u00bfCu\u00e1nto se tarda en fabricar una m\u00e1quina de ba\u00f1o para perros de autoservicio?\u00bb _builder_version=\u00bb4.14.1&#8243; _module_preset=\u00bbdefault\u00bb global_colors_info=\u00bb{}\u00bb]<\/p>\n<p>El per\u00edodo de producci\u00f3n es de 30 &#8211; 45 d\u00edas. Por supuesto, nuestro objetivo es entregarle la m\u00e1quina lo antes posible para que su negocio pueda realizarse lo antes posible.<\/p>\n<p>&nbsp;<\/p>\n<p>&nbsp;<\/p>\n<p>[\/et_pb_toggle][et_pb_toggle title=\u00bb\u00bfCu\u00e1nto es la garant\u00eda?\u00bb _builder_version=\u00bb4.14.1&#8243; _module_preset=\u00bbdefault\u00bb hover_enabled=\u00bb0&#8243; global_colors_info=\u00bb{}\u00bb sticky_enabled=\u00bb0&#8243;]<\/p>\n<p>1 + 4 A\u00f1os = 5 a\u00f1os de Garant\u00eda. Garant\u00eda total 12 meses, + 4 a\u00f1os condiciones preferenciales y soporte t\u00e9cnico.<\/p>\n<p>[\/et_pb_toggle][et_pb_toggle title=\u00bb\u00bfC\u00f3mo se aplica la garant\u00eda fuera del pa\u00eds del fabricante?\u00bb _builder_version=\u00bb4.14.1&#8243; _module_preset=\u00bbdefault\u00bb global_colors_info=\u00bb{}\u00bb]<\/p>\n<p>Las fallas son muy raras, muchos a\u00f1os de experiencia nos han llevado a instalar piezas que realmente rara vez fallan. En ese caso, estamos aqu\u00ed como soporte t\u00e9cnico remoto con piezas plug and play provistas. Enviamos repuestos por DHL o por bus. En casos fuera de Serbia, es posible cooperar con un electricista\/plomero local con nuestro soporte t\u00e9cnico.<\/p>\n<p>&nbsp;<\/p>\n<p>&nbsp;<\/p>\n<p>[\/et_pb_toggle][et_pb_toggle title=\u00bbQuiero pedir GermanPro, \u00bfcu\u00e1les son los siguientes pasos?\u00bb _builder_version=\u00bb4.14.1&#8243; _module_preset=\u00bbdefault\u00bb global_colors_info=\u00bb{}\u00bb]<\/p>\n<p>Despu\u00e9s de elegir el modelo y equipamiento deseado, es necesario realizar una reserva de compra. Lo que significa el pago del 50% del importe total, el 50% restante antes de la entrega.<\/p>\n<p>[\/et_pb_toggle][et_pb_toggle title=\u00bb\u00bfCu\u00e1l es el consumo de champ\u00fa al ba\u00f1ar perros en esta lavander\u00eda autoservicio?\u00bb _builder_version=\u00bb4.14.1&#8243; _module_preset=\u00bbdefault\u00bb global_colors_info=\u00bb{}\u00bb]<\/p>\n<p>Se utilizan unos 10 litros de champ\u00fa concentrado GermanPro para ba\u00f1ar hasta 100 perros.<\/p>\n<p>[\/et_pb_toggle][et_pb_toggle title=\u00bb\u00bfQu\u00e9 opciones tiene a disposici\u00f3n del usuario de la lavander\u00eda autoservicio?\u00bb _builder_version=\u00bb4.14.1&#8243; _module_preset=\u00bbdefault\u00bb global_colors_info=\u00bb{}\u00bb]<\/p>\n<p>El usuario puede elegir las siguientes opciones: Desinfecci\u00f3n\/Aclarado, champ\u00fa, agua de aclarado, acondicionador, antipulgas, Aclarado. Secador de pelo profesional.<\/p>\n<p>[\/et_pb_toggle][et_pb_toggle title=\u00bb\u00bfCu\u00e1nto dura de media el ba\u00f1o de un perro?\u00bb _builder_version=\u00bb4.14.1&#8243; _module_preset=\u00bbdefault\u00bb global_colors_info=\u00bb{}\u00bb]<\/p>\n<p>El ba\u00f1o promedio para perros, que incluye lavado y secado, toma de 10 a 15 minutos, dependiendo de la raza.<\/p>\n<p>[\/et_pb_toggle][et_pb_toggle title=\u00bb\u00bfPuedo usar mis propios productos de ba\u00f1o o solo los que obtengo de GermanPro?\u00bb _builder_version=\u00bb4.14.1&#8243; _module_preset=\u00bbdefault\u00bb global_colors_info=\u00bb{}\u00bb]<\/p>\n<p>Puede usar sus propios productos si son compatibles con bombas y l\u00edneas. Tenga cuidado de no utilizar productos de mala calidad que no sean adecuados para la m\u00e1quina, ya que esto anular\u00e1 la garant\u00eda. Suministramos productos especialmente definidos para lavander\u00edas de autoservicio.<\/p>\n<p>[\/et_pb_toggle][et_pb_toggle title=\u00bb\u00bfC\u00f3mo mantengo a mi perro en la lavander\u00eda?\u00bb _builder_version=\u00bb4.14.1&#8243; _module_preset=\u00bbdefault\u00bb global_colors_info=\u00bb{}\u00bb]<\/p>\n<p>Hay una cadena para atar al perro en la m\u00e1quina. Adem\u00e1s, las p\u00e1ginas son lo suficientemente altas como para que la mayor\u00eda de los perros peque\u00f1os y promedio no puedan saltar.<\/p>\n<p>[\/et_pb_toggle][et_pb_toggle title=\u00bb\u00bfSe requiere un montaje adicional de la lavander\u00eda de autoservicio GermanPro?\u00bb _builder_version=\u00bb4.14.1&#8243; _module_preset=\u00bbdefault\u00bb global_colors_info=\u00bb{}\u00bb]<\/p>\n<p>No, la m\u00e1quina llega a su ubicaci\u00f3n a trav\u00e9s del sistema \u00abPlug and play\u00bb, lo que significa que despu\u00e9s de la entrega se enciende y conecta y la m\u00e1quina est\u00e1 lista para funcionar.<\/p>\n<p>&nbsp;<\/p>\n<p>&nbsp;<\/p>\n<p>[\/et_pb_toggle][et_pb_toggle title=\u00bb\u00bfQu\u00e9 opciones de pago est\u00e1n disponibles para los usuarios?\u00bb _builder_version=\u00bb4.14.1&#8243; _module_preset=\u00bbdefault\u00bb global_colors_info=\u00bb{}\u00bb]<\/p>\n<p>Todas nuestras m\u00e1quinas de ba\u00f1o para perros pueden equiparse con un lector de Fichas, Monedas y Billetes.<\/p>\n<p>&nbsp;<\/p>\n<p>[\/et_pb_toggle][et_pb_toggle title=\u00bb\u00bfQu\u00e9 moneda acepta la m\u00e1quina para perros?\u00bb _builder_version=\u00bb4.14.1&#8243; _module_preset=\u00bbdefault\u00bb custom_padding=\u00bb||20px|||\u00bb global_colors_info=\u00bb{}\u00bb]<\/p>\n<p>Configuramos el monedero as\u00ed como el lector de billetes para trabajar con la moneda de tu pa\u00eds.<\/p>\n<p>[\/et_pb_toggle][et_pb_toggle title=\u00bb\u00bfSe puede instalar la m\u00e1quina para uso en exteriores?\u00bb _builder_version=\u00bb4.14.1&#8243; _module_preset=\u00bbdefault\u00bb global_colors_info=\u00bb{}\u00bb]<\/p>\n<p>Puede estar afuera, en una caja. No directamente bajo el sol y la lluvia. Debido al clima fr\u00edo, se recomienda la instalaci\u00f3n en locales.<\/p>\n<p>[\/et_pb_toggle][et_pb_toggle title=\u00bb \u00bfQu\u00e9 se necesita para instalar una lavander\u00eda de autoservicio?\u00bb _builder_version=\u00bb4.14.1&#8243; _module_preset=\u00bbdefault\u00bb global_colors_info=\u00bb{}\u00bb]<\/p>\n<p>Necesita dos tomas de corriente de 220V, una entrada de agua de \u00be y una conexi\u00f3n de desag\u00fce de f50mm.<\/p>\n<p>[\/et_pb_toggle][et_pb_toggle title=\u00bb \u00bfQui\u00e9n hace el transporte y la instalaci\u00f3n?\u00bb _builder_version=\u00bb4.14.1&#8243; _module_preset=\u00bbdefault\u00bb hover_enabled=\u00bb0&#8243; global_colors_info=\u00bb{}\u00bb sticky_enabled=\u00bb0&#8243;]<\/p>\n<p>Nuestra instalaci\u00f3n y transporte es posible hasta 80 km, para otros lugares podemos organizar el transporte para usted. En la bolsa de transporte buscamos la soluci\u00f3n m\u00e1s favorable para usted. Independientemente de la distancia y la Tierra, configurar la m\u00e1quina es simple con nuestras instrucciones, est\u00e1 conectada a agua \/ electricidad. Viene listo para CONECTAR y JUGAR.<\/p>\n<p>[\/et_pb_toggle][et_pb_toggle title=\u00bb \u00bfCu\u00e1l es el consumo m\u00e1ximo de energ\u00eda?\u00bb _builder_version=\u00bb4.14.1&#8243; _module_preset=\u00bbdefault\u00bb global_colors_info=\u00bb{}\u00bb]<\/p>\n<p>6 kilovatios<\/p>\n<p>[\/et_pb_toggle][et_pb_toggle title=\u00bb\u00bfCu\u00e1nta agua usa la m\u00e1quina por ba\u00f1o?\u00bb _builder_version=\u00bb4.14.1&#8243; _module_preset=\u00bbdefault\u00bb global_colors_info=\u00bb{}\u00bb]<\/p>\n<p>De 20 a 40 l por ba\u00f1o.<\/p>\n<p>[\/et_pb_toggle][et_pb_toggle title=\u00bb\u00bfCu\u00e1l es el nivel de ruido durante el secado?\u00bb _builder_version=\u00bb4.14.1&#8243; _module_preset=\u00bbdefault\u00bb global_colors_info=\u00bb{}\u00bb]<\/p>\n<p>58 Db Que es el ruido m\u00e1s bajo para un secador de pelo profesional con la potencia m\u00e1s fuerte de 2600W<\/p>\n<p>[\/et_pb_toggle][et_pb_toggle title=\u00bb\u00bfCu\u00e1l es el peso m\u00e1ximo de un perro que puede soportar una m\u00e1quina?\u00bb _builder_version=\u00bb4.14.1&#8243; _module_preset=\u00bbdefault\u00bb global_colors_info=\u00bb{}\u00bb]<\/p>\n<p>80 kg<\/p>\n<p>[\/et_pb_toggle][et_pb_toggle title=\u00bb\u00bfC\u00f3mo funciona el lavado de perros de autoservicio GermanPro?\u00bb _builder_version=\u00bb4.14.1&#8243; _module_preset=\u00bbdefault\u00bb global_colors_info=\u00bb{}\u00bb]<\/p>\n<p><strong>La m\u00e1quina de ba\u00f1o para perros de autoservicio<\/strong> est\u00e1 dise\u00f1ada para ser f\u00e1cil para el usuario, similar a un lavado de autos de autoservicio. Cuando el usuario ingresa un pago, el temporizador le permite usar el tiempo que pag\u00f3 de la manera que elija. El usuario puede elegir las opciones <strong>de lavado, \u00a1usted decide!<\/strong> Todos los productos se sumergen en un chorro de agua, lo que permite que la mayor\u00eda de los perros se ba\u00f1en en pocos minutos.<\/p>\n<p>[\/et_pb_toggle][\/et_pb_column][\/et_pb_row][et_pb_row column_structure=\u00bb1_3,1_3,1_3&#8243; _builder_version=\u00bb3.25&#8243; custom_margin=\u00bb|||\u00bb global_colors_info=\u00bb{}\u00bb][et_pb_column type=\u00bb1_3&#8243; _builder_version=\u00bb3.25&#8243; custom_padding=\u00bb|||\u00bb global_colors_info=\u00bb{}\u00bb custom_padding__hover=\u00bb|||\u00bb][et_pb_image src=\u00bbhttps:\/\/www.germanpro.net\/wp-content\/uploads\/2021\/11\/smart_germanpro.png\u00bb title_text=\u00bbsmart_germanpro\u00bb show_in_lightbox=\u00bbon\u00bb force_fullwidth=\u00bbon\u00bb align_tablet=\u00bbcenter\u00bb align_phone=\u00bbcenter\u00bb align_last_edited=\u00bbon|desktop\u00bb _builder_version=\u00bb4.14.1&#8243; animation_style=\u00bbzoom\u00bb animation_intensity_zoom=\u00bb10%\u00bb global_colors_info=\u00bb{}\u00bb][\/et_pb_image][\/et_pb_column][et_pb_column type=\u00bb1_3&#8243; _builder_version=\u00bb3.25&#8243; custom_padding=\u00bb|||\u00bb global_colors_info=\u00bb{}\u00bb custom_padding__hover=\u00bb|||\u00bb][et_pb_image src=\u00bbhttps:\/\/www.germanpro.net\/wp-content\/uploads\/2021\/11\/ultra_germanpro.png\u00bb title_text=\u00bbultra_germanpro\u00bb show_in_lightbox=\u00bbon\u00bb force_fullwidth=\u00bbon\u00bb align_tablet=\u00bbcenter\u00bb align_phone=\u00bbcenter\u00bb align_last_edited=\u00bbon|desktop\u00bb _builder_version=\u00bb4.14.1&#8243; animation_style=\u00bbzoom\u00bb animation_intensity_zoom=\u00bb10%\u00bb global_colors_info=\u00bb{}\u00bb][\/et_pb_image][\/et_pb_column][et_pb_column type=\u00bb1_3&#8243; _builder_version=\u00bb3.25&#8243; custom_padding=\u00bb|||\u00bb global_colors_info=\u00bb{}\u00bb custom_padding__hover=\u00bb|||\u00bb][et_pb_image src=\u00bbhttps:\/\/www.germanpro.net\/wp-content\/uploads\/2021\/11\/classic_germanpro.png\u00bb title_text=\u00bbclassic_germanpro\u00bb show_in_lightbox=\u00bbon\u00bb force_fullwidth=\u00bbon\u00bb align_tablet=\u00bbcenter\u00bb align_phone=\u00bbcenter\u00bb align_last_edited=\u00bbon|desktop\u00bb _builder_version=\u00bb4.14.1&#8243; animation_style=\u00bbzoom\u00bb animation_intensity_zoom=\u00bb10%\u00bb global_colors_info=\u00bb{}\u00bb][\/et_pb_image][\/et_pb_column][\/et_pb_row][\/et_pb_section][et_pb_section fb_built=\u00bb1&#8243; admin_label=\u00bbRelated Listings\u00bb _builder_version=\u00bb3.22&#8243; custom_padding=\u00bb80px|0px|80px|0px|true|false\u00bb locked=\u00bboff\u00bb global_colors_info=\u00bb{}\u00bb][et_pb_row column_structure=\u00bb2_3,1_3&#8243; _builder_version=\u00bb3.25&#8243; background_color=\u00bb#f4f4f4&#8243; custom_margin=\u00bb||60px|\u00bb custom_padding=\u00bb50px|40px|50px|40px|true|true\u00bb global_colors_info=\u00bb{}\u00bb][et_pb_column type=\u00bb2_3&#8243; _builder_version=\u00bb3.25&#8243; custom_padding=\u00bb|||\u00bb global_colors_info=\u00bb{}\u00bb custom_padding__hover=\u00bb|||\u00bb][et_pb_text admin_label=\u00bbTitle\u00bb _builder_version=\u00bb4.14.1&#8243; text_font=\u00bbLato||||||||\u00bb text_font_size=\u00bb20px\u00bb text_line_height=\u00bb1.8em\u00bb ul_font=\u00bb||||||||\u00bb header_font=\u00bb||||||||\u00bb header_3_font=\u00bbTeko|500|||||||\u00bb header_3_font_size=\u00bb40px\u00bb header_4_font=\u00bb||||||||\u00bb locked=\u00bboff\u00bb global_colors_info=\u00bb{}\u00bb]<\/p>\n<h1><strong>M\u00e1quinas de ba\u00f1o para perros de autoservicio: \u00a1el negocio que obtienen!<\/strong><\/h1>\n<h1><\/h1>\n<h2>Gran idea de negocio con poca inversi\u00f3n<\/h2>\n<p>Hoy en d\u00eda, muchos hacen preguntas: <strong>\u00bfqu\u00e9 negocio hacer, c\u00f3mo y d\u00f3nde invertir?<\/strong> La segunda pregunta que surge es <strong>la velocidad de retorno de la inversi\u00f3n?<\/strong> Pero, sobre todo, \u00a1lo m\u00e1s importante es la <strong>idea!<\/strong><\/p>\n<p>[\/et_pb_text][\/et_pb_column][et_pb_column type=\u00bb1_3&#8243; _builder_version=\u00bb3.25&#8243; custom_padding=\u00bb|||\u00bb global_colors_info=\u00bb{}\u00bb custom_padding__hover=\u00bb|||\u00bb][et_pb_button button_url=\u00bbhttps:\/\/www.germanpro.net\/es\/contacto\/\u00bb url_new_window=\u00bbon\u00bb button_text=\u00bbcontacto\u00bb button_alignment=\u00bbright\u00bb _builder_version=\u00bb4.14.1&#8243; custom_button=\u00bbon\u00bb button_text_size=\u00bb16px\u00bb button_bg_color=\u00bb#0C71C3&#8243; button_border_width=\u00bb12px\u00bb button_border_color=\u00bb#0C71C3&#8243; button_border_radius=\u00bb0px\u00bb button_letter_spacing=\u00bb4px\u00bb button_font=\u00bbTeko|700||on|||||\u00bb button_icon=\u00bb&#x24;||divi||400&#8243; background_layout=\u00bbdark\u00bb custom_margin=\u00bb|||\u00bb animation_style=\u00bbslide\u00bb animation_direction=\u00bbleft\u00bb animation_delay=\u00bb100ms\u00bb animation_intensity_slide=\u00bb20%\u00bb locked=\u00bboff\u00bb global_colors_info=\u00bb{}\u00bb button_text_size__hover_enabled=\u00bboff\u00bb button_one_text_size__hover_enabled=\u00bboff\u00bb button_two_text_size__hover_enabled=\u00bboff\u00bb button_text_color__hover_enabled=\u00bboff\u00bb button_one_text_color__hover_enabled=\u00bboff\u00bb button_two_text_color__hover_enabled=\u00bboff\u00bb button_border_width__hover_enabled=\u00bboff\u00bb button_one_border_width__hover_enabled=\u00bboff\u00bb button_two_border_width__hover_enabled=\u00bboff\u00bb button_border_color__hover_enabled=\u00bboff\u00bb button_one_border_color__hover_enabled=\u00bboff\u00bb button_two_border_color__hover_enabled=\u00bboff\u00bb button_border_radius__hover_enabled=\u00bboff\u00bb button_one_border_radius__hover_enabled=\u00bboff\u00bb button_two_border_radius__hover_enabled=\u00bboff\u00bb button_letter_spacing__hover_enabled=\u00bboff\u00bb button_one_letter_spacing__hover_enabled=\u00bboff\u00bb button_two_letter_spacing__hover_enabled=\u00bboff\u00bb button_bg_color__hover_enabled=\u00bboff\u00bb button_one_bg_color__hover_enabled=\u00bboff\u00bb button_two_bg_color__hover_enabled=\u00bboff\u00bb][\/et_pb_button][\/et_pb_column][\/et_pb_row][\/et_pb_section]<\/p>\n","protected":false},"excerpt":{"rendered":"<p>Preguntas y respuestasEl per\u00edodo de producci\u00f3n es de 30 &#8211; 45 d\u00edas. Por supuesto, nuestro objetivo es entregarle la m\u00e1quina lo antes posible para que su negocio pueda realizarse lo antes posible. &nbsp; &nbsp;1 + 4 A\u00f1os = 5 a\u00f1os de Garant\u00eda. Garant\u00eda total 12 meses, + 4 a\u00f1os condiciones preferenciales y soporte t\u00e9cnico.Las fallas [&hellip;]<\/p>\n","protected":false},"author":1,"featured_media":0,"parent":0,"menu_order":0,"comment_status":"closed","ping_status":"closed","template":"","meta":{"_et_pb_use_builder":"on","_et_pb_old_content":"","_et_gb_content_width":"","two_page_speed":[],"footnotes":""},"class_list":["post-2207","page","type-page","status-publish","hentry"],"_links":{"self":[{"href":"https:\/\/www.germanpro.net\/es\/wp-json\/wp\/v2\/pages\/2207","targetHints":{"allow":["GET"]}}],"collection":[{"href":"https:\/\/www.germanpro.net\/es\/wp-json\/wp\/v2\/pages"}],"about":[{"href":"https:\/\/www.germanpro.net\/es\/wp-json\/wp\/v2\/types\/page"}],"author":[{"embeddable":true,"href":"https:\/\/www.germanpro.net\/es\/wp-json\/wp\/v2\/users\/1"}],"replies":[{"embeddable":true,"href":"https:\/\/www.germanpro.net\/es\/wp-json\/wp\/v2\/comments?post=2207"}],"version-history":[{"count":53,"href":"https:\/\/www.germanpro.net\/es\/wp-json\/wp\/v2\/pages\/2207\/revisions"}],"predecessor-version":[{"id":4682,"href":"https:\/\/www.germanpro.net\/es\/wp-json\/wp\/v2\/pages\/2207\/revisions\/4682"}],"wp:attachment":[{"href":"https:\/\/www.germanpro.net\/es\/wp-json\/wp\/v2\/media?parent=2207"}],"curies":[{"name":"wp","href":"https:\/\/api.w.org\/{rel}","templated":true}]}}