{"id":2425,"date":"2021-12-09T21:16:34","date_gmt":"2021-12-09T20:16:34","guid":{"rendered":"https:\/\/www.germanpro.net\/contacto\/"},"modified":"2026-02-18T19:56:28","modified_gmt":"2026-02-18T18:56:28","slug":"contacto","status":"publish","type":"page","link":"https:\/\/www.germanpro.net\/es\/contacto\/","title":{"rendered":"Contacto"},"content":{"rendered":"<p>[et_pb_section fb_built=\u00bb1&#8243; custom_padding_last_edited=\u00bbon|tablet\u00bb admin_label=\u00bbHero\u00bb _builder_version=\u00bb4.20.4&#8243; use_background_color_gradient=\u00bbon\u00bb background_color_gradient_stops=\u00bbrgba(255,255,255,0.9) 0%|#ffffff 100%\u00bb background_color_gradient_overlays_image=\u00bbon\u00bb background_color_gradient_start=\u00bbrgba(255,255,255,0.9)\u00bb background_color_gradient_end=\u00bb#ffffff\u00bb background_image=\u00bbhttps:\/\/www.germanpro.net\/wp-content\/uploads\/2021\/12\/PROIZVODNJA_GERMANPRO.png\u00bb custom_margin=\u00bb0px|||\u00bb custom_padding=\u00bb0px|10%|0px|10%|true|true\u00bb custom_padding_tablet=\u00bb|30px||30px||true\u00bb custom_padding_phone=\u00bb|||||true\u00bb hover_enabled=\u00bb0&#8243; locked=\u00bboff\u00bb global_colors_info=\u00bb{}\u00bb sticky_enabled=\u00bb0&#8243;][et_pb_row column_structure=\u00bb2_3,1_3&#8243; padding_top_bottom_link_1=\u00bbtrue\u00bb padding_left_right_link_1=\u00bbtrue\u00bb _builder_version=\u00bb4.16&#8243; background_size=\u00bbinitial\u00bb background_position=\u00bbtop_left\u00bb width=\u00bb100%\u00bb max_width=\u00bb100%\u00bb custom_margin=\u00bb|||\u00bb custom_padding=\u00bb0||0px||false|false\u00bb use_custom_width=\u00bbon\u00bb width_unit=\u00bboff\u00bb custom_width_percent=\u00bb100%\u00bb global_colors_info=\u00bb{}\u00bb][et_pb_column type=\u00bb2_3&#8243; _builder_version=\u00bb4.16&#8243; use_background_color_gradient=\u00bbon\u00bb background_color_gradient_stops=\u00bbrgba(0,0,0,0.07) 0%|rgba(255,255,255,0) 100%\u00bb background_color_gradient_start=\u00bbrgba(0,0,0,0.07)\u00bb background_color_gradient_end=\u00bbrgba(255,255,255,0)\u00bb custom_padding=\u00bb10vw|40px|10vw|40px\u00bb custom_padding_tablet=\u00bb|||\u00bb custom_padding_phone=\u00bb|10px||10px||true\u00bb custom_padding_last_edited=\u00bbon|desktop\u00bb global_colors_info=\u00bb{}\u00bb padding_phone=\u00bb|10px||10px||true\u00bb padding_tablet=\u00bb|||\u00bb padding_last_edited=\u00bbon|desktop\u00bb custom_padding__hover=\u00bb|||\u00bb][et_pb_text _builder_version=\u00bb4.20.4&#8243; text_font=\u00bbLato||||||||\u00bb text_font_size=\u00bb20px\u00bb text_line_height=\u00bb1.8em\u00bb ul_font=\u00bb||||||||\u00bb ol_font=\u00bb||||||||\u00bb header_font=\u00bbTeko|500||on|||||\u00bb header_text_color=\u00bb#000000&#8243; header_font_size=\u00bb9vw\u00bb header_letter_spacing=\u00bb0.05em\u00bb header_line_height=\u00bb0.9em\u00bb custom_margin=\u00bb|-10vw|0px|\u00bb custom_margin_tablet=\u00bb|0vw||\u00bb custom_margin_phone=\u00bb|-5vw||\u00bb custom_margin_last_edited=\u00bbon|tablet\u00bb animation_style=\u00bbzoom\u00bb animation_delay=\u00bb100ms\u00bb animation_intensity_zoom=\u00bb10%\u00bb header_font_size_tablet=\u00bb\u00bb header_font_size_phone=\u00bb\u00bb header_font_size_last_edited=\u00bbon|phone\u00bb header_line_height_tablet=\u00bb\u00bb header_line_height_phone=\u00bb1.2em\u00bb header_line_height_last_edited=\u00bbon|phone\u00bb header_text_shadow_style=\u00bbpreset1&#8243; header_text_shadow_vertical_length=\u00bb0.18em\u00bb header_text_shadow_blur_strength=\u00bb0.27em\u00bb header_text_shadow_color=\u00bbrgba(0,0,0,0.24)\u00bb global_colors_info=\u00bb{}\u00bb]<\/p>\n<h1><span style=\"color: #ffffff;\">Contacto<\/span><\/h1>\n<p>[\/et_pb_text][\/et_pb_column][et_pb_column type=\u00bb1_3&#8243; _builder_version=\u00bb4.16&#8243; custom_padding=\u00bb|||\u00bb global_colors_info=\u00bb{}\u00bb custom_padding__hover=\u00bb|||\u00bb][\/et_pb_column][\/et_pb_row][\/et_pb_section][et_pb_section fb_built=\u00bb1&#8243; admin_label=\u00bbContact Info\u00bb _builder_version=\u00bb4.16&#8243; use_background_color_gradient=\u00bbon\u00bb background_color_gradient_stops=\u00bbrgba(27,31,37,0.3) 0%|#1b1f25 100%\u00bb background_color_gradient_overlays_image=\u00bbon\u00bb background_color_gradient_start=\u00bbrgba(27,31,37,0.3)\u00bb background_color_gradient_end=\u00bb#1b1f25&#8243; background_image=\u00bbhttps:\/\/www.germanpro.net\/wp-content\/uploads\/2021\/12\/Untitled-1920-x-788-px-1920-x-1178-px-1.png\u00bb custom_padding=\u00bb0px||13vw|||\u00bb box_shadow_style=\u00bbpreset7&#8243; box_shadow_horizontal=\u00bb0px\u00bb box_shadow_vertical=\u00bb100px\u00bb box_shadow_color=\u00bb#ffffff\u00bb global_colors_info=\u00bb{}\u00bb][et_pb_row column_structure=\u00bb1_2,1_2&#8243; padding_left_right_link_1=\u00bbtrue\u00bb _builder_version=\u00bb4.16&#8243; custom_padding=\u00bb0px||0px||true\u00bb animation_style=\u00bbslide\u00bb animation_direction=\u00bbbottom\u00bb animation_intensity_slide=\u00bb2%\u00bb global_colors_info=\u00bb{}\u00bb][et_pb_column type=\u00bb1_2&#8243; _builder_version=\u00bb4.16&#8243; use_background_color_gradient=\u00bbon\u00bb background_color_gradient_direction=\u00bb190deg\u00bb background_color_gradient_stops=\u00bb#0053b2 85%|rgba(255,255,255,0) 85%\u00bb background_color_gradient_start=\u00bb#0053b2&#8243; background_color_gradient_start_position=\u00bb85%\u00bb background_color_gradient_end=\u00bbrgba(255,255,255,0)\u00bb background_color_gradient_end_position=\u00bb0%\u00bb custom_padding=\u00bb60px|5%|180px|5%\u00bb custom_padding_tablet=\u00bb|10%||10%||true\u00bb custom_padding_phone=\u00bb|10%||10%||true\u00bb custom_padding_last_edited=\u00bbon|tablet\u00bb global_colors_info=\u00bb{}\u00bb padding_tablet=\u00bb|10%||10%||true\u00bb padding_last_edited=\u00bbon|tablet\u00bb custom_padding__hover=\u00bb|||\u00bb padding_phone=\u00bb|10%||10%||true\u00bb][et_pb_blurb title=\u00bbLocalizaci\u00f3n\u00bb use_icon=\u00bbon\u00bb font_icon=\u00bb&#xe081;||divi||400&#8243; icon_color=\u00bb#ffffff\u00bb icon_placement=\u00bbleft\u00bb image_icon_width=\u00bb28px\u00bb _builder_version=\u00bb4.16&#8243; header_font=\u00bbTeko|500|||||||\u00bb header_font_size=\u00bb28px\u00bb header_line_height=\u00bb1.2em\u00bb body_font=\u00bbLato||||||||\u00bb body_font_size=\u00bb18px\u00bb body_line_height=\u00bb1.8em\u00bb background_layout=\u00bbdark\u00bb animation_style=\u00bbzoom\u00bb animation_direction=\u00bbleft\u00bb animation_intensity_zoom=\u00bb12%\u00bb icon_font_size=\u00bb28px\u00bb global_colors_info=\u00bb{}\u00bb]<\/p>\n<p>Jovana Cviji\u0107a 21<\/p>\n<p>22000 Sremska Mitrovica<\/p>\n<p>Serbia<\/p>\n<p>[\/et_pb_blurb][et_pb_blurb title=\u00bbTel\u00e9fono\u00bb use_icon=\u00bbon\u00bb font_icon=\u00bb&#xe090;||divi||400&#8243; icon_color=\u00bb#ffffff\u00bb icon_placement=\u00bbleft\u00bb image_icon_width=\u00bb28px\u00bb _builder_version=\u00bb4.16&#8243; header_font=\u00bbTeko|500|||||||\u00bb header_font_size=\u00bb28px\u00bb header_line_height=\u00bb1.2em\u00bb body_font=\u00bbLato||||||||\u00bb body_font_size=\u00bb18px\u00bb body_line_height=\u00bb1.8em\u00bb background_layout=\u00bbdark\u00bb animation_style=\u00bbzoom\u00bb animation_direction=\u00bbleft\u00bb animation_delay=\u00bb100ms\u00bb animation_intensity_zoom=\u00bb12%\u00bb icon_font_size=\u00bb28px\u00bb global_colors_info=\u00bb{}\u00bb]<\/p>\n<p>+381606070100<\/p>\n<p>[\/et_pb_blurb][et_pb_blurb title=\u00bbCorreo electr\u00f3nico\u00bb use_icon=\u00bbon\u00bb font_icon=\u00bb&#xe076;||divi||400&#8243; icon_color=\u00bb#ffffff\u00bb icon_placement=\u00bbleft\u00bb image_icon_width=\u00bb28px\u00bb _builder_version=\u00bb4.16&#8243; header_font=\u00bbTeko|500|||||||\u00bb header_font_size=\u00bb28px\u00bb header_line_height=\u00bb1.2em\u00bb body_font=\u00bbLato||||||||\u00bb body_font_size=\u00bb18px\u00bb body_line_height=\u00bb1.8em\u00bb background_layout=\u00bbdark\u00bb animation_style=\u00bbzoom\u00bb animation_direction=\u00bbleft\u00bb animation_delay=\u00bb200ms\u00bb animation_intensity_zoom=\u00bb12%\u00bb icon_font_size=\u00bb28px\u00bb global_colors_info=\u00bb{}\u00bb]<\/p>\n<p>order@germanpro.net<\/p>\n<p>[\/et_pb_blurb][et_pb_blurb title=\u00bbHora de trabajo\u00bb use_icon=\u00bbon\u00bb font_icon=\u00bb&#xe06b;||divi||400&#8243; icon_color=\u00bb#ffffff\u00bb icon_placement=\u00bbleft\u00bb image_icon_width=\u00bb28px\u00bb _builder_version=\u00bb4.16&#8243; header_font=\u00bbTeko|500|||||||\u00bb header_font_size=\u00bb28px\u00bb header_line_height=\u00bb1.2em\u00bb body_font=\u00bbLato||||||||\u00bb body_font_size=\u00bb18px\u00bb body_line_height=\u00bb1.8em\u00bb background_layout=\u00bbdark\u00bb animation_style=\u00bbzoom\u00bb animation_direction=\u00bbleft\u00bb animation_delay=\u00bb300ms\u00bb animation_intensity_zoom=\u00bb12%\u00bb icon_font_size=\u00bb28px\u00bb global_colors_info=\u00bb{}\u00bb]<\/p>\n<p>Lunes: 9 a. m. a 5 p. m.<br \/> Mar: 09 &#8211; 17h<br \/> Mi\u00e9: 09 &#8211; 17h<br \/> Jueves: 09 &#8211; 17h<br \/> Vie: 09 &#8211; 17h<\/p>\n<p>[\/et_pb_blurb][\/et_pb_column][et_pb_column type=\u00bb1_2&#8243; _builder_version=\u00bb4.16&#8243; custom_padding=\u00bb180px|||\u00bb custom_padding_tablet=\u00bb0px|||\u00bb custom_padding_phone=\u00bb0px|||\u00bb custom_padding_last_edited=\u00bbon|desktop\u00bb global_colors_info=\u00bb{}\u00bb padding_tablet=\u00bb0px|||\u00bb padding_last_edited=\u00bbon|desktop\u00bb custom_padding__hover=\u00bb|||\u00bb padding_phone=\u00bb0px|||\u00bb][et_pb_contact_form captcha=\u00bboff\u00bb email=\u00bborder@germanpro.net\u00bb title=\u00bbESCRIBENOS\u00bb success_message=\u00bbGracias por contactarnos. \u00a1Recibir\u00e1s una respuesta lo antes posible! GermanPro\u00bb submit_button_text=\u00bbENVIAR UN MENSAJE\u00bb module_id=\u00bbet_pb_contact_form_0&#8243; _builder_version=\u00bb4.20.4&#8243; form_field_background_color=\u00bbrgba(255,255,255,0.12)\u00bb form_field_text_color=\u00bb#ffffff\u00bb title_font=\u00bbTeko||||||||\u00bb title_text_color=\u00bb#ffffff\u00bb title_font_size=\u00bb40px\u00bb title_line_height=\u00bb1.2em\u00bb form_field_font=\u00bbLato||||||||\u00bb form_field_font_size=\u00bb16px\u00bb custom_button=\u00bbon\u00bb button_text_color=\u00bb#0053b2&#8243; button_bg_color=\u00bb#ffffff\u00bb button_border_width=\u00bb8px\u00bb button_border_color=\u00bb#ffffff\u00bb button_border_radius=\u00bb0px\u00bb button_letter_spacing=\u00bb4px\u00bb button_font=\u00bbTeko|||on|||||\u00bb button_icon=\u00bb&#x24;||divi||400&#8243; animation_style=\u00bbslide\u00bb animation_direction=\u00bbtop\u00bb animation_intensity_slide=\u00bb10%\u00bb hover_enabled=\u00bb0&#8243; form_background_color=\u00bbrgba(255,255,255,0.12)\u00bb locked=\u00bboff\u00bb global_colors_info=\u00bb{}\u00bb sticky_enabled=\u00bb0&#8243;][et_pb_contact_field field_id=\u00bbName\u00bb field_title=\u00bbNombre\u00bb fullwidth_field=\u00bbon\u00bb _builder_version=\u00bb4.16&#8243; global_colors_info=\u00bb{}\u00bb button_text_size__hover_enabled=\u00bboff\u00bb button_one_text_size__hover_enabled=\u00bboff\u00bb button_two_text_size__hover_enabled=\u00bboff\u00bb button_text_color__hover_enabled=\u00bboff\u00bb button_one_text_color__hover_enabled=\u00bboff\u00bb button_two_text_color__hover_enabled=\u00bboff\u00bb button_border_width__hover_enabled=\u00bboff\u00bb button_one_border_width__hover_enabled=\u00bboff\u00bb button_two_border_width__hover_enabled=\u00bboff\u00bb button_border_color__hover_enabled=\u00bboff\u00bb button_one_border_color__hover_enabled=\u00bboff\u00bb button_two_border_color__hover_enabled=\u00bboff\u00bb button_border_radius__hover_enabled=\u00bboff\u00bb button_one_border_radius__hover_enabled=\u00bboff\u00bb button_two_border_radius__hover_enabled=\u00bboff\u00bb button_letter_spacing__hover_enabled=\u00bboff\u00bb button_one_letter_spacing__hover_enabled=\u00bboff\u00bb button_two_letter_spacing__hover_enabled=\u00bboff\u00bb button_bg_color__hover_enabled=\u00bboff\u00bb button_one_bg_color__hover_enabled=\u00bboff\u00bb button_two_bg_color__hover_enabled=\u00bboff\u00bb][\/et_pb_contact_field][et_pb_contact_field field_id=\u00bbEmail\u00bb field_title=\u00bbDirecci\u00f3n de correo electr\u00f3nico\u00bb field_type=\u00bbemail\u00bb fullwidth_field=\u00bbon\u00bb _builder_version=\u00bb4.16&#8243; global_colors_info=\u00bb{}\u00bb button_text_size__hover_enabled=\u00bboff\u00bb button_one_text_size__hover_enabled=\u00bboff\u00bb button_two_text_size__hover_enabled=\u00bboff\u00bb button_text_color__hover_enabled=\u00bboff\u00bb button_one_text_color__hover_enabled=\u00bboff\u00bb button_two_text_color__hover_enabled=\u00bboff\u00bb button_border_width__hover_enabled=\u00bboff\u00bb button_one_border_width__hover_enabled=\u00bboff\u00bb button_two_border_width__hover_enabled=\u00bboff\u00bb button_border_color__hover_enabled=\u00bboff\u00bb button_one_border_color__hover_enabled=\u00bboff\u00bb button_two_border_color__hover_enabled=\u00bboff\u00bb button_border_radius__hover_enabled=\u00bboff\u00bb button_one_border_radius__hover_enabled=\u00bboff\u00bb button_two_border_radius__hover_enabled=\u00bboff\u00bb button_letter_spacing__hover_enabled=\u00bboff\u00bb button_one_letter_spacing__hover_enabled=\u00bboff\u00bb button_two_letter_spacing__hover_enabled=\u00bboff\u00bb button_bg_color__hover_enabled=\u00bboff\u00bb button_one_bg_color__hover_enabled=\u00bboff\u00bb button_two_bg_color__hover_enabled=\u00bboff\u00bb][\/et_pb_contact_field][et_pb_contact_field field_id=\u00bbMessage\u00bb field_title=\u00bbMensaje\u00bb field_type=\u00bbtext\u00bb fullwidth_field=\u00bbon\u00bb _builder_version=\u00bb4.16&#8243; global_colors_info=\u00bb{}\u00bb button_text_size__hover_enabled=\u00bboff\u00bb button_one_text_size__hover_enabled=\u00bboff\u00bb button_two_text_size__hover_enabled=\u00bboff\u00bb button_text_color__hover_enabled=\u00bboff\u00bb button_one_text_color__hover_enabled=\u00bboff\u00bb button_two_text_color__hover_enabled=\u00bboff\u00bb button_border_width__hover_enabled=\u00bboff\u00bb button_one_border_width__hover_enabled=\u00bboff\u00bb button_two_border_width__hover_enabled=\u00bboff\u00bb button_border_color__hover_enabled=\u00bboff\u00bb button_one_border_color__hover_enabled=\u00bboff\u00bb button_two_border_color__hover_enabled=\u00bboff\u00bb button_border_radius__hover_enabled=\u00bboff\u00bb button_one_border_radius__hover_enabled=\u00bboff\u00bb button_two_border_radius__hover_enabled=\u00bboff\u00bb button_letter_spacing__hover_enabled=\u00bboff\u00bb button_one_letter_spacing__hover_enabled=\u00bboff\u00bb button_two_letter_spacing__hover_enabled=\u00bboff\u00bb button_bg_color__hover_enabled=\u00bboff\u00bb button_one_bg_color__hover_enabled=\u00bboff\u00bb button_two_bg_color__hover_enabled=\u00bboff\u00bb][\/et_pb_contact_field][\/et_pb_contact_form][et_pb_toggle title=\u00bbDerechos del consumidor y condiciones de garant\u00eda\u00bb _builder_version=\u00bb4.16&#8243; _module_preset=\u00bbdefault\u00bb custom_padding=\u00bb|||31px||\u00bb global_colors_info=\u00bb{}\u00bb]<\/p>\n<p style=\"margin: 0in; margin-bottom: .0001pt; text-align: justify; background: white;\"><span style=\"font-size: 8.0pt; font-family: 'Arial','sans-serif'; color: black;\">Las m\u00e1quinas y equipos de GermanPro que se ofrecen en nuestro sitio web o cat\u00e1logo no se venden a distancia. La informaci\u00f3n sobre las m\u00e1quinas en el sitio es solo para informaci\u00f3n. El Cliente\/Comprador est\u00e1 obligado a informarse detalladamente sobre la m\u00e1quina en el acto, y evaluar si la m\u00e1quina cumple con la capacidad y dem\u00e1s propiedades de sus necesidades, as\u00ed como elegir el modelo, dise\u00f1o, accesorios y todos los detalles que desee. para ser instalado en un modelo en particular. determinar TODO al hacer el pedido o la reserva.<o:p><\/o:p><\/span><\/p>\n<p style=\"margin: 0in; margin-bottom: .0001pt; text-align: justify; background: white;\">[\/et_pb_toggle][et_pb_button button_url=\u00bbhttps:\/\/www.germanpro.net\/GERMANPRO_OP%C5%A0TA_GARANCIJA.pdf\u00bb button_text=\u00bbCondiciones de garant\u00eda Descargar\u00bb _builder_version=\u00bb4.16&#8243; _module_preset=\u00bbdefault\u00bb custom_button=\u00bbon\u00bb button_text_size=\u00bb10px\u00bb button_text_color=\u00bb#FFFFFF\u00bb global_colors_info=\u00bb{}\u00bb][\/et_pb_button][\/et_pb_column][\/et_pb_row][\/et_pb_section][et_pb_section fb_built=\u00bb1&#8243; fullwidth=\u00bbon\u00bb _builder_version=\u00bb4.16&#8243; _module_preset=\u00bbdefault\u00bb global_colors_info=\u00bb{}\u00bb][et_pb_fullwidth_code _builder_version=\u00bb4.16&#8243; _module_preset=\u00bbdefault\u00bb global_colors_info=\u00bb{}\u00bb]<iframe src=\"https:\/\/www.google.com\/maps\/embed?pb=!1m18!1m12!1m3!1d2822.3646070766936!2d19.605534214820366!3d44.97690387909819!2m3!1f0!2f0!3f0!3m2!1i1024!2i768!4f13.1!3m3!1m2!1s0x475ba4de86de7527%3A0x17804e9d94916ff4!2z0IjQvtCy0LDQvdCwINCm0LLQuNGY0LjRm9CwIDIxLCDQodGA0LXQvNGB0LrQsCDQnNC40YLRgNC-0LLQuNGG0LAgMjIwMDA!5e0!3m2!1ssr!2srs!4v1639086539038!5m2!1ssr!2srs\" width=\"1500\" height=\"800\" style=\"border:0;\" allowfullscreen=\"\" loading=\"lazy\"><\/iframe>[\/et_pb_fullwidth_code][\/et_pb_section]<\/p>\n","protected":false},"excerpt":{"rendered":"<p>ContactoJovana Cviji\u0107a 21 22000 Sremska Mitrovica Serbia+381606070100order@germanpro.netLunes: 9 a. m. a 5 p. m. Mar: 09 &#8211; 17h Mi\u00e9: 09 &#8211; 17h Jueves: 09 &#8211; 17h Vie: 09 &#8211; 17hLas m\u00e1quinas y equipos de GermanPro que se ofrecen en nuestro sitio web o cat\u00e1logo no se venden a distancia. La informaci\u00f3n sobre las m\u00e1quinas en [&hellip;]<\/p>\n","protected":false},"author":1,"featured_media":0,"parent":0,"menu_order":0,"comment_status":"closed","ping_status":"closed","template":"","meta":{"_et_pb_use_builder":"on","_et_pb_old_content":"","_et_gb_content_width":"","two_page_speed":[],"footnotes":""},"class_list":["post-2425","page","type-page","status-publish","hentry"],"_links":{"self":[{"href":"https:\/\/www.germanpro.net\/es\/wp-json\/wp\/v2\/pages\/2425","targetHints":{"allow":["GET"]}}],"collection":[{"href":"https:\/\/www.germanpro.net\/es\/wp-json\/wp\/v2\/pages"}],"about":[{"href":"https:\/\/www.germanpro.net\/es\/wp-json\/wp\/v2\/types\/page"}],"author":[{"embeddable":true,"href":"https:\/\/www.germanpro.net\/es\/wp-json\/wp\/v2\/users\/1"}],"replies":[{"embeddable":true,"href":"https:\/\/www.germanpro.net\/es\/wp-json\/wp\/v2\/comments?post=2425"}],"version-history":[{"count":31,"href":"https:\/\/www.germanpro.net\/es\/wp-json\/wp\/v2\/pages\/2425\/revisions"}],"predecessor-version":[{"id":4700,"href":"https:\/\/www.germanpro.net\/es\/wp-json\/wp\/v2\/pages\/2425\/revisions\/4700"}],"wp:attachment":[{"href":"https:\/\/www.germanpro.net\/es\/wp-json\/wp\/v2\/media?parent=2425"}],"curies":[{"name":"wp","href":"https:\/\/api.w.org\/{rel}","templated":true}]}}